{"id":413,"date":"2026-02-25T14:22:10","date_gmt":"2026-02-25T14:22:10","guid":{"rendered":"https:\/\/mordio.com\/?page_id=413"},"modified":"2026-02-25T14:51:13","modified_gmt":"2026-02-25T14:51:13","slug":"certificat","status":"publish","type":"page","link":"https:\/\/mordio.com\/fr\/certificate\/","title":{"rendered":"Certificats"},"content":{"rendered":"<style type='text\/css' media='all'>#rt-tpg-container-2100844856 .rt-holder .rt-woo-info .price{color:#0367bf;}body .rt-tpg-container .rt-tpg-isotope-buttons .selected,\n\t\t\t\t\t#rt-tpg-container-2100844856 .layout12 .rt-holder:hover .rt-detail,\n\t\t\t\t\t#rt-tpg-container-2100844856 .isotope8 .rt-holder:hover .rt-detail,\n\t\t\t\t\t#rt-tpg-container-2100844856 .carousel8 .rt-holder:hover .rt-detail,\n\t\t\t\t\t#rt-tpg-container-2100844856 .layout13 .rt-holder .overlay .post-info,\n\t\t\t\t\t#rt-tpg-container-2100844856 .isotope9 .rt-holder .overlay .post-info,\n\t\t\t\t\t#rt-tpg-container-2100844856.rt-tpg-container .layout4 .rt-holder .rt-detail,\n\t\t\t\t\t.rt-modal-2100844856 .md-content,\n\t\t\t\t\t.rt-modal-2100844856 .md-content > .rt-md-content-holder .rt-md-content,\n\t\t\t\t\t.rt-popup-wrap-2100844856.rt-popup-wrap .rt-popup-navigation-wrap,\n\t\t\t\t\t#rt-tpg-container-2100844856 .carousel9 .rt-holder .overlay .post-info{background-color:#0367bf;}#rt-tpg-container-2100844856 .layout5 .rt-holder .overlay, #rt-tpg-container-2100844856 .isotope2 .rt-holder .overlay, #rt-tpg-container-2100844856 .carousel2 .rt-holder .overlay,#rt-tpg-container-2100844856 .layout15 .rt-holder h3, #rt-tpg-container-2100844856 .isotope11 .rt-holder h3, #rt-tpg-container-2100844856 .carousel11 .rt-holder h3, #rt-tpg-container-2100844856 .layout16 .rt-holder h3,\n\t\t\t\t\t#rt-tpg-container-2100844856 .isotope12 .rt-holder h3, #rt-tpg-container-2100844856 .carousel12 .rt-holder h3 {background-color:rgba(3,103,191,0.8);}#rt-tpg-container-2100844856 .read-more a{border-radius:px;}#rt-tpg-container-2100844856 .rt-img-holder img.rt-img-responsive,#rt-tpg-container-2100844856 .rt-img-holder,\n\t\t\t\t\t#rt-tpg-container-2100844856 .rt-post-overlay .post-img,\n\t\t\t\t\t#rt-tpg-container-2100844856 .post-sm .post-img,\n\t\t\t\t\t#rt-tpg-container-2100844856 .rt-post-grid .post-img,\n\t\t\t\t\t#rt-tpg-container-2100844856 .post-img img {border-radius:px;}<\/style><div class='rt-container-fluid rt-tpg-container tpg-shortcode-main-wrapper' id='rt-tpg-container-2100844856'   data-layout='layout1' data-grid-style='even' data-desktop-col='4'  data-tab-col='3'  data-mobile-col='2' data-sc-id='412'><div class=\"tpg-widget-heading-wrapper heading-style1\"><span class=\"tpg-widget-heading-line line-left\"><\/span><h2 class=\"tpg-widget-heading\">Certificats<\/h2><span class=\"tpg-widget-heading-line\"><\/span><\/div><div data-title='Loading ...' class='rt-row rt-content-loader   layout1 tpg-even'><div class=\"rt-col-md-3 rt-col-sm-4 rt-col-xs-6 even-grid-item rt-grid-item\" data-id=\"1129\"><div class=\"rt-holder\"><div class=\"rt-img-holder\"><a data-id=\"1129\" class=\"\" href=\"https:\/\/mordio.com\/fr\/mordio-saso-2203-2018-quality-mark-certification\/\" target='_blank'><img  title=\"\" loading=\"lazy\" decoding=\"async\" width=\"4763\" height=\"6735\" src=\"https:\/\/mordio.com\/wp-content\/uploads\/2026\/03\/SQM-202406447511_01.png\" class=\"rt-img-responsive\"  alt=\"SQM-202406447511_01 2401B1409SHA-V1\"  \/><\/a><\/div><div class='rt-detail'><h3 class=\"entry-title\"><a data-id=\"1129\" class=\"\" href=\"https:\/\/mordio.com\/fr\/mordio-saso-2203-2018-quality-mark-certification\/\" target='_blank'>SQM 20240644751<\/a><\/h3><div class='post-meta-user'><span class='categories-links'><i class='fas fa-folder-open'><\/i><a class=\"certificate\" href=\"https:\/\/mordio.com\/fr\/category\/certificate\/\" rel=\"tag\">Certificats<\/a><\/span><\/div><div class='post-meta'><span class='read-more'><a data-id='1129' class='' href='https:\/\/mordio.com\/fr\/mordio-saso-2203-2018-quality-mark-certification\/' target='_blank'>Read More<\/a><\/span><\/div><\/div><\/div><\/div><div class=\"rt-col-md-3 rt-col-sm-4 rt-col-xs-6 even-grid-item rt-grid-item\" data-id=\"1022\"><div class=\"rt-holder\"><div class=\"rt-img-holder\"><a data-id=\"1022\" class=\"\" href=\"https:\/\/mordio.com\/fr\/2403b0693sha-001-signed\/\" target='_blank'><img  title=\"\" loading=\"lazy\" decoding=\"async\" width=\"4763\" height=\"6736\" src=\"https:\/\/mordio.com\/wp-content\/uploads\/2026\/03\/2403B0693SHA-001-signed_01.png\" class=\"rt-img-responsive\"  alt=\"2403B0693SHA-001-signed_01 2401B1409SHA-V1\"  \/><\/a><\/div><div class='rt-detail'><h3 class=\"entry-title\"><a data-id=\"1022\" class=\"\" href=\"https:\/\/mordio.com\/fr\/2403b0693sha-001-signed\/\" target='_blank'>2403B0693SHA-001 sign\u00e9<\/a><\/h3><div class='post-meta-user'><span class='categories-links'><i class='fas fa-folder-open'><\/i><a class=\"certificate\" href=\"https:\/\/mordio.com\/fr\/category\/certificate\/\" rel=\"tag\">Certificats<\/a><\/span><\/div><div class='post-meta'><span class='read-more'><a data-id='1022' class='' href='https:\/\/mordio.com\/fr\/2403b0693sha-001-signed\/' target='_blank'>Read More<\/a><\/span><\/div><\/div><\/div><\/div><div class=\"rt-col-md-3 rt-col-sm-4 rt-col-xs-6 even-grid-item rt-grid-item\" data-id=\"1016\"><div class=\"rt-holder\"><div class=\"rt-img-holder\"><a data-id=\"1016\" class=\"\" href=\"https:\/\/mordio.com\/fr\/2403b0693sha-v\/\" target='_blank'><img  title=\"\" loading=\"lazy\" decoding=\"async\" width=\"4763\" height=\"6735\" src=\"https:\/\/mordio.com\/wp-content\/uploads\/2026\/03\/2403B0693SHA-V_01.png\" class=\"rt-img-responsive\"  alt=\"2403B0693SHA-V_01 2401B1409SHA-V1\"  \/><\/a><\/div><div class='rt-detail'><h3 class=\"entry-title\"><a data-id=\"1016\" class=\"\" href=\"https:\/\/mordio.com\/fr\/2403b0693sha-v\/\" target='_blank'>2403B0693SHA-V<\/a><\/h3><div class='post-meta-user'><span class='categories-links'><i class='fas fa-folder-open'><\/i><a class=\"certificate\" href=\"https:\/\/mordio.com\/fr\/category\/certificate\/\" rel=\"tag\">Certificats<\/a><\/span><\/div><div class='post-meta'><span class='read-more'><a data-id='1016' class='' href='https:\/\/mordio.com\/fr\/2403b0693sha-v\/' target='_blank'>Read More<\/a><\/span><\/div><\/div><\/div><\/div><div class=\"rt-col-md-3 rt-col-sm-4 rt-col-xs-6 even-grid-item rt-grid-item\" data-id=\"1012\"><div class=\"rt-holder\"><div class=\"rt-img-holder\"><a data-id=\"1012\" class=\"\" href=\"https:\/\/mordio.com\/fr\/2403b0697sha-001-signed\/\" target='_blank'><img  title=\"\" loading=\"lazy\" decoding=\"async\" width=\"4763\" height=\"6736\" src=\"https:\/\/mordio.com\/wp-content\/uploads\/2026\/03\/2403B0697SHA-001-Signed_01.png\" class=\"rt-img-responsive\"  alt=\"2403B0697SHA-001-Signed_01 2401B1409SHA-V1\"  \/><\/a><\/div><div class='rt-detail'><h3 class=\"entry-title\"><a data-id=\"1012\" class=\"\" href=\"https:\/\/mordio.com\/fr\/2403b0697sha-001-signed\/\" target='_blank'>2403B0697SHA-001 Sign\u00e9<\/a><\/h3><div class='post-meta-user'><span class='categories-links'><i class='fas fa-folder-open'><\/i><a class=\"certificate\" href=\"https:\/\/mordio.com\/fr\/category\/certificate\/\" rel=\"tag\">Certificats<\/a><\/span><\/div><div class='post-meta'><span class='read-more'><a data-id='1012' class='' href='https:\/\/mordio.com\/fr\/2403b0697sha-001-signed\/' target='_blank'>Read More<\/a><\/span><\/div><\/div><\/div><\/div><div class=\"rt-col-md-3 rt-col-sm-4 rt-col-xs-6 even-grid-item rt-grid-item\" data-id=\"1003\"><div class=\"rt-holder\"><div class=\"rt-img-holder\"><a data-id=\"1003\" class=\"\" href=\"https:\/\/mordio.com\/fr\/2403b0697sha-v1\/\" target='_blank'><img  title=\"\" loading=\"lazy\" decoding=\"async\" width=\"4763\" height=\"6735\" src=\"https:\/\/mordio.com\/wp-content\/uploads\/2026\/03\/2403B0697SHA-V1.png\" class=\"rt-img-responsive\"  alt=\"2403B0697SHA-V1 2401B1409SHA-V1\"  \/><\/a><\/div><div class='rt-detail'><h3 class=\"entry-title\"><a data-id=\"1003\" class=\"\" href=\"https:\/\/mordio.com\/fr\/2403b0697sha-v1\/\" target='_blank'>2403B0697SHA-V1<\/a><\/h3><div class='post-meta-user'><span class='categories-links'><i class='fas fa-folder-open'><\/i><a class=\"certificate\" href=\"https:\/\/mordio.com\/fr\/category\/certificate\/\" rel=\"tag\">Certificats<\/a><\/span><\/div><div class='post-meta'><span class='read-more'><a data-id='1003' class='' href='https:\/\/mordio.com\/fr\/2403b0697sha-v1\/' target='_blank'>Read More<\/a><\/span><\/div><\/div><\/div><\/div><div class=\"rt-col-md-3 rt-col-sm-4 rt-col-xs-6 even-grid-item rt-grid-item\" data-id=\"998\"><div class=\"rt-holder\"><div class=\"rt-img-holder\"><a data-id=\"998\" class=\"\" href=\"https:\/\/mordio.com\/fr\/2404b1634sha-001\/\" target='_blank'><img  title=\"\" loading=\"lazy\" decoding=\"async\" width=\"4763\" height=\"6736\" src=\"https:\/\/mordio.com\/wp-content\/uploads\/2026\/03\/2404B1634SHA-001-\u526f\u672c_01.png\" class=\"rt-img-responsive\"  alt=\"2404B1634SHA-001-\u526f\u672c_01 2401B1409SHA-V1\"  \/><\/a><\/div><div class='rt-detail'><h3 class=\"entry-title\"><a data-id=\"998\" class=\"\" href=\"https:\/\/mordio.com\/fr\/2404b1634sha-001\/\" target='_blank'>2404B1634SHA-001<\/a><\/h3><div class='post-meta-user'><span class='categories-links'><i class='fas fa-folder-open'><\/i><a class=\"certificate\" href=\"https:\/\/mordio.com\/fr\/category\/certificate\/\" rel=\"tag\">Certificats<\/a><\/span><\/div><div class='post-meta'><span class='read-more'><a data-id='998' class='' href='https:\/\/mordio.com\/fr\/2404b1634sha-001\/' target='_blank'>Read More<\/a><\/span><\/div><\/div><\/div><\/div><div class=\"rt-col-md-3 rt-col-sm-4 rt-col-xs-6 even-grid-item rt-grid-item\" data-id=\"994\"><div class=\"rt-holder\"><div class=\"rt-img-holder\"><a data-id=\"994\" class=\"\" href=\"https:\/\/mordio.com\/fr\/2404b1634sha-v1\/\" target='_blank'><img  title=\"\" loading=\"lazy\" decoding=\"async\" width=\"4763\" height=\"6735\" src=\"https:\/\/mordio.com\/wp-content\/uploads\/2026\/03\/2404B1634SHA-V1-\u526f\u672c_01.png\" class=\"rt-img-responsive\"  alt=\"2404B1634SHA-V1-\u526f\u672c_01 2401B1409SHA-V1\"  \/><\/a><\/div><div class='rt-detail'><h3 class=\"entry-title\"><a data-id=\"994\" class=\"\" href=\"https:\/\/mordio.com\/fr\/2404b1634sha-v1\/\" target='_blank'>2404B1634SHA-V1<\/a><\/h3><div class='post-meta-user'><span class='categories-links'><i class='fas fa-folder-open'><\/i><a class=\"certificate\" href=\"https:\/\/mordio.com\/fr\/category\/certificate\/\" rel=\"tag\">Certificats<\/a><\/span><\/div><div class='post-meta'><span class='read-more'><a data-id='994' class='' href='https:\/\/mordio.com\/fr\/2404b1634sha-v1\/' target='_blank'>Read More<\/a><\/span><\/div><\/div><\/div><\/div><div class=\"rt-col-md-3 rt-col-sm-4 rt-col-xs-6 even-grid-item rt-grid-item\" data-id=\"990\"><div class=\"rt-holder\"><div class=\"rt-img-holder\"><a data-id=\"990\" class=\"\" href=\"https:\/\/mordio.com\/fr\/2404b1635sha-001\/\" target='_blank'><img  title=\"\" loading=\"lazy\" decoding=\"async\" width=\"4763\" height=\"6736\" src=\"https:\/\/mordio.com\/wp-content\/uploads\/2026\/03\/2404B1635SHA-001-.png\" class=\"rt-img-responsive\"  alt=\"2404B1635SHA-001- 2401B1409SHA-V1\"  \/><\/a><\/div><div class='rt-detail'><h3 class=\"entry-title\"><a data-id=\"990\" class=\"\" href=\"https:\/\/mordio.com\/fr\/2404b1635sha-001\/\" target='_blank'>2404B1635SHA-001<\/a><\/h3><div class='post-meta-user'><span class='categories-links'><i class='fas fa-folder-open'><\/i><a class=\"certificate\" href=\"https:\/\/mordio.com\/fr\/category\/certificate\/\" rel=\"tag\">Certificats<\/a><\/span><\/div><div class='post-meta'><span class='read-more'><a data-id='990' class='' href='https:\/\/mordio.com\/fr\/2404b1635sha-001\/' target='_blank'>Read More<\/a><\/span><\/div><\/div><\/div><\/div><div class=\"rt-col-md-3 rt-col-sm-4 rt-col-xs-6 even-grid-item rt-grid-item\" data-id=\"981\"><div class=\"rt-holder\"><div class=\"rt-img-holder\"><a data-id=\"981\" class=\"\" href=\"https:\/\/mordio.com\/fr\/nf-c61-314-fixed-socket-outlet-intertek-verification\/\" target='_blank'><img  title=\"\" loading=\"lazy\" decoding=\"async\" width=\"4763\" height=\"6735\" src=\"https:\/\/mordio.com\/wp-content\/uploads\/2026\/03\/2404B1635SHA-V1_01.png\" class=\"rt-img-responsive\"  alt=\"2404B1635SHA-V1_01 2401B1409SHA-V1\"  \/><\/a><\/div><div class='rt-detail'><h3 class=\"entry-title\"><a data-id=\"981\" class=\"\" href=\"https:\/\/mordio.com\/fr\/nf-c61-314-fixed-socket-outlet-intertek-verification\/\" target='_blank'>2404B1635SHA-V1<\/a><\/h3><div class='post-meta-user'><span class='categories-links'><i class='fas fa-folder-open'><\/i><a class=\"certificate\" href=\"https:\/\/mordio.com\/fr\/category\/certificate\/\" rel=\"tag\">Certificats<\/a><\/span><\/div><div class='post-meta'><span class='read-more'><a data-id='981' class='' href='https:\/\/mordio.com\/fr\/nf-c61-314-fixed-socket-outlet-intertek-verification\/' target='_blank'>Read More<\/a><\/span><\/div><\/div><\/div><\/div><div class=\"rt-col-md-3 rt-col-sm-4 rt-col-xs-6 even-grid-item rt-grid-item\" data-id=\"977\"><div class=\"rt-holder\"><div class=\"rt-img-holder\"><a data-id=\"977\" class=\"\" href=\"https:\/\/mordio.com\/fr\/intertek-rohs-test-report-wenzhou-oem-fixed-socket-outlet\/\" target='_blank'><img  title=\"\" loading=\"lazy\" decoding=\"async\" width=\"4760\" height=\"6736\" src=\"https:\/\/mordio.com\/wp-content\/uploads\/2026\/03\/2405B0098SHA-001_01.png\" class=\"rt-img-responsive\"  alt=\"2405B0098SHA-001_01 2401B1409SHA-V1\"  \/><\/a><\/div><div class='rt-detail'><h3 class=\"entry-title\"><a data-id=\"977\" class=\"\" href=\"https:\/\/mordio.com\/fr\/intertek-rohs-test-report-wenzhou-oem-fixed-socket-outlet\/\" target='_blank'>2405B0098SHA-001<\/a><\/h3><div class='post-meta-user'><span class='categories-links'><i class='fas fa-folder-open'><\/i><a class=\"certificate\" href=\"https:\/\/mordio.com\/fr\/category\/certificate\/\" rel=\"tag\">Certificats<\/a><\/span><\/div><div class='post-meta'><span class='read-more'><a data-id='977' class='' href='https:\/\/mordio.com\/fr\/intertek-rohs-test-report-wenzhou-oem-fixed-socket-outlet\/' target='_blank'>Read More<\/a><\/span><\/div><\/div><\/div><\/div><div class=\"rt-col-md-3 rt-col-sm-4 rt-col-xs-6 even-grid-item rt-grid-item\" data-id=\"972\"><div class=\"rt-holder\"><div class=\"rt-img-holder\"><a data-id=\"972\" class=\"\" href=\"https:\/\/mordio.com\/fr\/intertek-telecom-socket-test-report-wenzhou-oem-factory\/\" target='_blank'><img  title=\"\" loading=\"lazy\" decoding=\"async\" width=\"4760\" height=\"6736\" src=\"https:\/\/mordio.com\/wp-content\/uploads\/2026\/03\/2407B0434SHA-001-\u526f\u672c_01.png\" class=\"rt-img-responsive\"  alt=\"2407B0434SHA-001-\u526f\u672c_01 2401B1409SHA-V1\"  \/><\/a><\/div><div class='rt-detail'><h3 class=\"entry-title\"><a data-id=\"972\" class=\"\" href=\"https:\/\/mordio.com\/fr\/intertek-telecom-socket-test-report-wenzhou-oem-factory\/\" target='_blank'>2407B0434SHA-001<\/a><\/h3><div class='post-meta-user'><span class='categories-links'><i class='fas fa-folder-open'><\/i><a class=\"certificate\" href=\"https:\/\/mordio.com\/fr\/category\/certificate\/\" rel=\"tag\">Certificats<\/a><\/span><\/div><div class='post-meta'><span class='read-more'><a data-id='972' class='' href='https:\/\/mordio.com\/fr\/intertek-telecom-socket-test-report-wenzhou-oem-factory\/' target='_blank'>Read More<\/a><\/span><\/div><\/div><\/div><\/div><div class=\"rt-col-md-3 rt-col-sm-4 rt-col-xs-6 even-grid-item rt-grid-item\" data-id=\"786\"><div class=\"rt-holder\"><div class=\"rt-img-holder\"><a data-id=\"786\" class=\"\" href=\"https:\/\/mordio.com\/fr\/2401b1409sha-v1\/\" target='_blank'><img  title=\"\" loading=\"lazy\" decoding=\"async\" width=\"4763\" height=\"6735\" src=\"https:\/\/mordio.com\/wp-content\/uploads\/2026\/02\/2401B1409SHA-V1-\u526f\u672c_01.png\" class=\"rt-img-responsive\"  alt=\"2401B1409SHA-V1-\u526f\u672c_01 2401B1409SHA-V1\"  \/><\/a><\/div><div class='rt-detail'><h3 class=\"entry-title\"><a data-id=\"786\" class=\"\" href=\"https:\/\/mordio.com\/fr\/2401b1409sha-v1\/\" target='_blank'>2401B1409SHA-V1<\/a><\/h3><div class='post-meta-user'><span class='categories-links'><i class='fas fa-folder-open'><\/i><a class=\"certificate\" href=\"https:\/\/mordio.com\/fr\/category\/certificate\/\" rel=\"tag\">Certificats<\/a><\/span><\/div><div class='post-meta'><span class='read-more'><a data-id='786' class='' href='https:\/\/mordio.com\/fr\/2401b1409sha-v1\/' target='_blank'>Read More<\/a><\/span><\/div><\/div><\/div><\/div><\/div><div class='rt-pagination-wrap' data-total-pages='2' data-posts-per-page='12' data-type='pagination'  ><div class=\"rt-pagination\" ><ul class=\"pagination-list\"><li class=\"active\"><span>1<\/span><\/li><li><a data-paged='2' href='https:\/\/mordio.com\/fr\/wp-json\/wp\/v2\/pages\/413\/page\/2\/'>2<\/a><\/li><\/ul><\/div><\/div><\/div>\n\n\n\n<p><\/p>","protected":false},"excerpt":{"rendered":"","protected":false},"author":1,"featured_media":0,"parent":0,"menu_order":1,"comment_status":"closed","ping_status":"closed","template":"","meta":{"footnotes":""},"class_list":["post-413","page","type-page","status-publish","hentry"],"yoast_head":"<!-- This site is optimized with the Yoast SEO plugin v27.4 - https:\/\/yoast.com\/product\/yoast-seo-wordpress\/ -->\n<title>Global Certifications (BS, CE, UL) | Mordio Electrical<\/title>\n<meta name=\"description\" content=\"View Mordio&#039;s full range of international certifications including UK BS 1363, EU CE\/VDE, and US UL. Proof of our commitment to global safety and quality standards.\" \/>\n<meta name=\"robots\" content=\"index, follow, max-snippet:-1, max-image-preview:large, max-video-preview:-1\" \/>\n<link rel=\"canonical\" href=\"https:\/\/mordio.com\/fr\/certificat\/\" \/>\n<meta property=\"og:locale\" content=\"fr_FR\" \/>\n<meta property=\"og:type\" content=\"article\" \/>\n<meta property=\"og:title\" content=\"Global Certifications (BS, CE, UL) | Mordio Electrical\" \/>\n<meta property=\"og:description\" content=\"View Mordio&#039;s full range of international certifications including UK BS 1363, EU CE\/VDE, and US UL. Proof of our commitment to global safety and quality standards.\" \/>\n<meta property=\"og:url\" content=\"https:\/\/mordio.com\/fr\/certificat\/\" \/>\n<meta property=\"og:site_name\" content=\"Mordio Electrical Co.,Ltd\" \/>\n<meta property=\"article:modified_time\" content=\"2026-02-25T14:51:13+00:00\" \/>\n<meta property=\"og:image\" content=\"https:\/\/mordio.com\/wp-content\/uploads\/2026\/02\/cropped-logo222-scaled-1.png\" \/>\n\t<meta property=\"og:image:width\" content=\"2560\" \/>\n\t<meta property=\"og:image:height\" content=\"590\" \/>\n\t<meta property=\"og:image:type\" content=\"image\/png\" \/>\n<meta name=\"twitter:card\" content=\"summary_large_image\" \/>\n<meta name=\"twitter:title\" content=\"Global Certifications (BS, CE, UL) | Mordio Electrical\" \/>\n<meta name=\"twitter:description\" content=\"Global Certifications (BS, CE, UL) | Mordio Electrical\" \/>\n<meta name=\"twitter:image\" content=\"https:\/\/mordio.com\/wp-content\/uploads\/2026\/02\/cropped-logo222-scaled-1.png\" \/>\n<meta name=\"twitter:label1\" content=\"Dur\u00e9e de lecture estim\u00e9e\" \/>\n\t<meta name=\"twitter:data1\" content=\"1 minute\" \/>\n<script type=\"application\/ld+json\" class=\"yoast-schema-graph\">{\"@context\":\"https:\\\/\\\/schema.org\",\"@graph\":[{\"@type\":\"WebPage\",\"@id\":\"https:\\\/\\\/mordio.com\\\/certificate\\\/\",\"url\":\"https:\\\/\\\/mordio.com\\\/certificate\\\/\",\"name\":\"Global Certifications (BS, CE, UL) | Mordio Electrical\",\"isPartOf\":{\"@id\":\"https:\\\/\\\/mordio.com\\\/#website\"},\"datePublished\":\"2026-02-25T14:22:10+00:00\",\"dateModified\":\"2026-02-25T14:51:13+00:00\",\"description\":\"View Mordio's full range of international certifications including UK BS 1363, EU CE\\\/VDE, and US UL. Proof of our commitment to global safety and quality standards.\",\"breadcrumb\":{\"@id\":\"https:\\\/\\\/mordio.com\\\/certificate\\\/#breadcrumb\"},\"inLanguage\":\"fr-FR\",\"potentialAction\":[{\"@type\":\"ReadAction\",\"target\":[\"https:\\\/\\\/mordio.com\\\/certificate\\\/\"]}]},{\"@type\":\"BreadcrumbList\",\"@id\":\"https:\\\/\\\/mordio.com\\\/certificate\\\/#breadcrumb\",\"itemListElement\":[{\"@type\":\"ListItem\",\"position\":1,\"name\":\"Home\",\"item\":\"https:\\\/\\\/mordio.com\\\/\"},{\"@type\":\"ListItem\",\"position\":2,\"name\":\"Certificate\"}]},{\"@type\":\"WebSite\",\"@id\":\"https:\\\/\\\/mordio.com\\\/#website\",\"url\":\"https:\\\/\\\/mordio.com\\\/\",\"name\":\"Mordio\",\"description\":\"OEM\\\/ODM Wall Switch &amp;  Socket Manufacturer for UK, US &amp; EU\",\"publisher\":{\"@id\":\"https:\\\/\\\/mordio.com\\\/#organization\"},\"alternateName\":\"MORDIO Electrical\",\"potentialAction\":[{\"@type\":\"SearchAction\",\"target\":{\"@type\":\"EntryPoint\",\"urlTemplate\":\"https:\\\/\\\/mordio.com\\\/?s={search_term_string}\"},\"query-input\":{\"@type\":\"PropertyValueSpecification\",\"valueRequired\":true,\"valueName\":\"search_term_string\"}}],\"inLanguage\":\"fr-FR\"},{\"@type\":\"Organization\",\"@id\":\"https:\\\/\\\/mordio.com\\\/#organization\",\"name\":\"MORDIO Electrical Co., Ltd.\",\"alternateName\":\"MORDIO\",\"url\":\"https:\\\/\\\/mordio.com\\\/\",\"logo\":{\"@type\":\"ImageObject\",\"inLanguage\":\"fr-FR\",\"@id\":\"https:\\\/\\\/mordio.com\\\/#\\\/schema\\\/logo\\\/image\\\/\",\"url\":\"https:\\\/\\\/mordio.com\\\/wp-content\\\/uploads\\\/2026\\\/02\\\/cropped-logo222-scaled-1.png\",\"contentUrl\":\"https:\\\/\\\/mordio.com\\\/wp-content\\\/uploads\\\/2026\\\/02\\\/cropped-logo222-scaled-1.png\",\"width\":2560,\"height\":590,\"caption\":\"MORDIO Electrical Co., Ltd.\"},\"image\":{\"@id\":\"https:\\\/\\\/mordio.com\\\/#\\\/schema\\\/logo\\\/image\\\/\"}}]}<\/script>\n<!-- \/ Yoast SEO plugin. -->","yoast_head_json":{"title":"Certifications mondiales (BS, CE, UL) | Mordio Electrical","description":"Consultez la gamme compl\u00e8te des certifications internationales de Mordio, notamment BS 1363 pour le Royaume-Uni, CE\/VDE pour l'Union europ\u00e9enne et UL pour les \u00c9tats-Unis. La preuve de notre engagement \u00e0 respecter les normes mondiales de s\u00e9curit\u00e9 et de qualit\u00e9.","robots":{"index":"index","follow":"follow","max-snippet":"max-snippet:-1","max-image-preview":"max-image-preview:large","max-video-preview":"max-video-preview:-1"},"canonical":"https:\/\/mordio.com\/fr\/certificat\/","og_locale":"fr_FR","og_type":"article","og_title":"Global Certifications (BS, CE, UL) | Mordio Electrical","og_description":"View Mordio's full range of international certifications including UK BS 1363, EU CE\/VDE, and US UL. Proof of our commitment to global safety and quality standards.","og_url":"https:\/\/mordio.com\/fr\/certificat\/","og_site_name":"Mordio Electrical Co.,Ltd","article_modified_time":"2026-02-25T14:51:13+00:00","og_image":[{"width":2560,"height":590,"url":"https:\/\/mordio.com\/wp-content\/uploads\/2026\/02\/cropped-logo222-scaled-1.png","type":"image\/png"}],"twitter_card":"summary_large_image","twitter_title":"Global Certifications (BS, CE, UL) | Mordio Electrical","twitter_description":"Global Certifications (BS, CE, UL) | Mordio Electrical","twitter_image":"https:\/\/mordio.com\/wp-content\/uploads\/2026\/02\/cropped-logo222-scaled-1.png","twitter_misc":{"Dur\u00e9e de lecture estim\u00e9e":"1 minute"},"schema":{"@context":"https:\/\/schema.org","@graph":[{"@type":"WebPage","@id":"https:\/\/mordio.com\/certificate\/","url":"https:\/\/mordio.com\/certificate\/","name":"Certifications mondiales (BS, CE, UL) | Mordio Electrical","isPartOf":{"@id":"https:\/\/mordio.com\/#website"},"datePublished":"2026-02-25T14:22:10+00:00","dateModified":"2026-02-25T14:51:13+00:00","description":"Consultez la gamme compl\u00e8te des certifications internationales de Mordio, notamment BS 1363 pour le Royaume-Uni, CE\/VDE pour l'Union europ\u00e9enne et UL pour les \u00c9tats-Unis. La preuve de notre engagement \u00e0 respecter les normes mondiales de s\u00e9curit\u00e9 et de qualit\u00e9.","breadcrumb":{"@id":"https:\/\/mordio.com\/certificate\/#breadcrumb"},"inLanguage":"fr-FR","potentialAction":[{"@type":"ReadAction","target":["https:\/\/mordio.com\/certificate\/"]}]},{"@type":"BreadcrumbList","@id":"https:\/\/mordio.com\/certificate\/#breadcrumb","itemListElement":[{"@type":"ListItem","position":1,"name":"Home","item":"https:\/\/mordio.com\/"},{"@type":"ListItem","position":2,"name":"Certificate"}]},{"@type":"WebSite","@id":"https:\/\/mordio.com\/#website","url":"https:\/\/mordio.com\/","name":"Mordio","description":"Fabricant d'interrupteurs muraux et de prises OEM\/ODM pour le Royaume-Uni, les \u00c9tats-Unis et l'Union europ\u00e9enne","publisher":{"@id":"https:\/\/mordio.com\/#organization"},"alternateName":"MORDIO Electrical","potentialAction":[{"@type":"SearchAction","target":{"@type":"EntryPoint","urlTemplate":"https:\/\/mordio.com\/?s={search_term_string}"},"query-input":{"@type":"PropertyValueSpecification","valueRequired":true,"valueName":"search_term_string"}}],"inLanguage":"fr-FR"},{"@type":"Organization","@id":"https:\/\/mordio.com\/#organization","name":"MORDIO Electrical Co. Ltd.","alternateName":"MORDIO","url":"https:\/\/mordio.com\/","logo":{"@type":"ImageObject","inLanguage":"fr-FR","@id":"https:\/\/mordio.com\/#\/schema\/logo\/image\/","url":"https:\/\/mordio.com\/wp-content\/uploads\/2026\/02\/cropped-logo222-scaled-1.png","contentUrl":"https:\/\/mordio.com\/wp-content\/uploads\/2026\/02\/cropped-logo222-scaled-1.png","width":2560,"height":590,"caption":"MORDIO Electrical Co., Ltd."},"image":{"@id":"https:\/\/mordio.com\/#\/schema\/logo\/image\/"}}]}},"rttpg_featured_image_url":null,"rttpg_author":{"display_name":"admin","author_link":"https:\/\/mordio.com\/fr\/author\/biot999\/"},"rttpg_comment":0,"rttpg_category":"","rttpg_excerpt":null,"_links":{"self":[{"href":"https:\/\/mordio.com\/fr\/wp-json\/wp\/v2\/pages\/413","targetHints":{"allow":["GET"]}}],"collection":[{"href":"https:\/\/mordio.com\/fr\/wp-json\/wp\/v2\/pages"}],"about":[{"href":"https:\/\/mordio.com\/fr\/wp-json\/wp\/v2\/types\/page"}],"author":[{"embeddable":true,"href":"https:\/\/mordio.com\/fr\/wp-json\/wp\/v2\/users\/1"}],"replies":[{"embeddable":true,"href":"https:\/\/mordio.com\/fr\/wp-json\/wp\/v2\/comments?post=413"}],"version-history":[{"count":2,"href":"https:\/\/mordio.com\/fr\/wp-json\/wp\/v2\/pages\/413\/revisions"}],"predecessor-version":[{"id":420,"href":"https:\/\/mordio.com\/fr\/wp-json\/wp\/v2\/pages\/413\/revisions\/420"}],"wp:attachment":[{"href":"https:\/\/mordio.com\/fr\/wp-json\/wp\/v2\/media?parent=413"}],"curies":[{"name":"wp","href":"https:\/\/api.w.org\/{rel}","templated":true}]}}